{"id":355,"date":"2023-01-27T13:10:21","date_gmt":"2023-01-27T12:10:21","guid":{"rendered":"https:\/\/marvalisapom.wordpress.com\/?page_id=355"},"modified":"2024-02-14T18:56:14","modified_gmt":"2024-02-14T17:56:14","slug":"bruno","status":"publish","type":"page","link":"https:\/\/marvalisapom.com\/index.php\/nuestros-perros\/machos\/bruno\/","title":{"rendered":"Bruno"},"content":{"rendered":"\n<div class=\"wp-block-media-text alignwide is-stacked-on-mobile is-style-rounded is-style-default\"><figure class=\"wp-block-media-text__media\"><img loading=\"lazy\" decoding=\"async\" width=\"654\" height=\"766\" src=\"https:\/\/marvalisapom.com\/wp-content\/uploads\/2023\/01\/bruno-2-2249344645-e1674839289182.jpg\" alt=\"\" class=\"wp-image-391 size-full\" srcset=\"https:\/\/marvalisapom.com\/wp-content\/uploads\/2023\/01\/bruno-2-2249344645-e1674839289182.jpg 654w, https:\/\/marvalisapom.com\/wp-content\/uploads\/2023\/01\/bruno-2-2249344645-e1674839289182-256x300.jpg 256w\" sizes=\"(max-width: 654px) 100vw, 654px\" \/><\/figure><div class=\"wp-block-media-text__content\">\n<h3 class=\"wp-block-heading has-text-align-center\"><strong>Nombre<\/strong>:<\/h3>\n\n\n\n<p class=\"has-text-align-center\">Toy Taun Be Ahead of All<\/p>\n\n\n\n<h3 class=\"wp-block-heading has-text-align-center\"><strong>Fecha de nacimiento:<\/strong><\/h3>\n\n\n\n<p class=\"has-text-align-center\">11\/07\/2021<\/p>\n\n\n\n<h3 class=\"wp-block-heading has-text-align-center\"><strong>Color<\/strong>:<\/h3>\n\n\n\n<p class=\"has-text-align-center\">Naranja sable<\/p>\n<\/div><\/div>\n\n\n\n<h2 class=\"wp-block-heading has-text-align-center\"><strong><em>Campeonatos<\/em><\/strong><\/h2>\n\n\n\n<p class=\"has-text-align-center\" style=\"font-style:italic;font-weight:800\"><img loading=\"lazy\" decoding=\"async\" height=\"16\" width=\"16\" src=\"https:\/\/static.xx.fbcdn.net\/images\/emoji.php\/v9\/t75\/2\/16\/2728.png\" alt=\"\u2728\"> CH.SPAIN Toy Taun be Ahead of all aka Bruno <img loading=\"lazy\" decoding=\"async\" height=\"16\" width=\"16\" src=\"https:\/\/static.xx.fbcdn.net\/images\/emoji.php\/v9\/t75\/2\/16\/2728.png\" alt=\"\u2728\"><\/p>\n\n\n\n<p class=\"has-text-align-center\" style=\"font-style:italic;font-weight:800\"><img loading=\"lazy\" decoding=\"async\" height=\"16\" width=\"16\" src=\"https:\/\/static.xx.fbcdn.net\/images\/emoji.php\/v9\/t75\/2\/16\/2728.png\" alt=\"\u2728\"> CH.PORTUGAL Toy Taun be Ahead of all aka Bruno <img loading=\"lazy\" decoding=\"async\" height=\"16\" width=\"16\" src=\"https:\/\/static.xx.fbcdn.net\/images\/emoji.php\/v9\/t75\/2\/16\/2728.png\" alt=\"\u2728\"><\/p>\n\n\n\n<p class=\"has-text-align-center\" style=\"font-style:italic;font-weight:800\">-Porto Winner 2023<\/p>\n\n\n\n<p class=\"has-text-align-center\" style=\"font-style:italic;font-weight:800\">-Lat\u00edn Winner 2023<\/p>\n\n\n\n<p class=\"has-text-align-center\" style=\"font-style:italic;font-weight:800\">-Campe\u00f3n Ib\u00e9rico <\/p>\n\n\n\n<p class=\"has-text-align-center\" style=\"font-style:italic;font-weight:800\">-Pirineos Arag\u00f3n Winner 2023<\/p>\n\n\n<div class=\"wp-block-image\">\n<figure class=\"aligncenter size-large\"><img loading=\"lazy\" decoding=\"async\" width=\"1024\" height=\"632\" src=\"https:\/\/marvalisapom.com\/wp-content\/uploads\/2023\/11\/Captura-de-pantalla-2023-11-03-a-las-19.04.43-1024x632.png\" alt=\"\" class=\"wp-image-935\" srcset=\"https:\/\/marvalisapom.com\/wp-content\/uploads\/2023\/11\/Captura-de-pantalla-2023-11-03-a-las-19.04.43-1024x632.png 1024w, https:\/\/marvalisapom.com\/wp-content\/uploads\/2023\/11\/Captura-de-pantalla-2023-11-03-a-las-19.04.43-300x185.png 300w, https:\/\/marvalisapom.com\/wp-content\/uploads\/2023\/11\/Captura-de-pantalla-2023-11-03-a-las-19.04.43-768x474.png 768w, https:\/\/marvalisapom.com\/wp-content\/uploads\/2023\/11\/Captura-de-pantalla-2023-11-03-a-las-19.04.43-1536x947.png 1536w, https:\/\/marvalisapom.com\/wp-content\/uploads\/2023\/11\/Captura-de-pantalla-2023-11-03-a-las-19.04.43.png 1550w\" sizes=\"(max-width: 1024px) 100vw, 1024px\" \/><\/figure><\/div>\n\n\n<h2 class=\"wp-block-heading has-text-align-center\"><strong>Pedigree<\/strong><\/h2>\n\n\n\n<figure class=\"wp-block-image alignfull size-large\"><img loading=\"lazy\" decoding=\"async\" width=\"1024\" height=\"481\" src=\"https:\/\/marvalisapom.com\/wp-content\/uploads\/2023\/01\/bruno-ultimo-1024x481.png\" alt=\"\" class=\"wp-image-479\" srcset=\"https:\/\/marvalisapom.com\/wp-content\/uploads\/2023\/01\/bruno-ultimo-1024x481.png 1024w, https:\/\/marvalisapom.com\/wp-content\/uploads\/2023\/01\/bruno-ultimo-300x141.png 300w, https:\/\/marvalisapom.com\/wp-content\/uploads\/2023\/01\/bruno-ultimo-768x361.png 768w, https:\/\/marvalisapom.com\/wp-content\/uploads\/2023\/01\/bruno-ultimo.png 1206w\" sizes=\"(max-width: 1024px) 100vw, 1024px\" \/><\/figure>\n","protected":false},"excerpt":{"rendered":"<p>Nombre: Toy Taun Be Ahead of All Fecha de nacimiento: 11\/07\/2021 Color: Naranja sable Campeonatos CH.SPAIN Toy Taun be Ahead of all aka Bruno CH.PORTUGAL Toy Taun be Ahead of all aka Bruno -Porto Winner 2023 -Lat\u00edn Winner 2023 -Campe\u00f3n Ib\u00e9rico -Pirineos Arag\u00f3n Winner 2023 Pedigree<\/p>\n","protected":false},"author":1,"featured_media":0,"parent":203,"menu_order":0,"comment_status":"closed","ping_status":"closed","template":"","meta":{"footnotes":""},"_links":{"self":[{"href":"https:\/\/marvalisapom.com\/index.php\/wp-json\/wp\/v2\/pages\/355"}],"collection":[{"href":"https:\/\/marvalisapom.com\/index.php\/wp-json\/wp\/v2\/pages"}],"about":[{"href":"https:\/\/marvalisapom.com\/index.php\/wp-json\/wp\/v2\/types\/page"}],"author":[{"embeddable":true,"href":"https:\/\/marvalisapom.com\/index.php\/wp-json\/wp\/v2\/users\/1"}],"replies":[{"embeddable":true,"href":"https:\/\/marvalisapom.com\/index.php\/wp-json\/wp\/v2\/comments?post=355"}],"version-history":[{"count":4,"href":"https:\/\/marvalisapom.com\/index.php\/wp-json\/wp\/v2\/pages\/355\/revisions"}],"predecessor-version":[{"id":1083,"href":"https:\/\/marvalisapom.com\/index.php\/wp-json\/wp\/v2\/pages\/355\/revisions\/1083"}],"up":[{"embeddable":true,"href":"https:\/\/marvalisapom.com\/index.php\/wp-json\/wp\/v2\/pages\/203"}],"wp:attachment":[{"href":"https:\/\/marvalisapom.com\/index.php\/wp-json\/wp\/v2\/media?parent=355"}],"curies":[{"name":"wp","href":"https:\/\/api.w.org\/{rel}","templated":true}]}}